{"id":1071,"date":"2019-04-22T13:25:57","date_gmt":"2019-04-22T11:25:57","guid":{"rendered":"https:\/\/johan-callewaert.eu\/?page_id=1071"},"modified":"2025-10-15T17:57:28","modified_gmt":"2025-10-15T15:57:28","slug":"die-europaeische-menschenrechtskonvention","status":"publish","type":"page","link":"https:\/\/johan-callewaert.eu\/de\/die-europaeische-menschenrechtskonvention\/","title":{"rendered":"Grundrechtsschutz durch den Europ\u00e4ischen Gerichtshof f\u00fcr Menschenrechte: Arbeitsgemeinschaft an der Universit\u00e4t Speyer"},"content":{"rendered":"\n<p>Wer haftet f\u00fcr anonyme Hassreden im Internet? Wie steht es um das Recht auf Vergessenwerden? Wie soll der Staat mit Fake News und versuchter Wahlmanipulation umgehen? Kann Sterbehilfe eingefordert werden? Ist eine Impfpflicht rechtm\u00e4\u00dfig? Welche Schutzpflichten obliegen dem Staat bei h\u00e4uslicher Gewalt? Wann k\u00f6nnen politische Parteien verboten werden? Welche Rechte und welche Pflichten haben Fl\u00fcchtlinge? Wie viel Gewalt darf die Polizei anwenden? Unterliegen Milit\u00e4reins\u00e4tze in einem Drittland der EMRK? Sind der Souver\u00e4nit\u00e4t des Parlaments Grenzen gesezt? Welche Anforderungen stellt die EMRK an die Unabh\u00e4ngigkeit der Justiz? Sind lebenslange Haftstrafen ohne m\u00f6gliche Haftverschonung zul\u00e4ssig? Welche Anforderungen stellt die EMRK an Umwelt- und Klimaschutz?<\/p>\n\n\n\n<p>Dies sind nur einige der aktuellen rechtlichen bzw. gesellschaftspolitischen Fragen, die der Europ\u00e4ische Gerichtshof f\u00fcr Menschenrechte (EGMR) in seiner j\u00fcngeren Rechtsprechung zu beantworten hatte. Diese Rechtsprechung ist Thema der projektbezogenen Arbeitsgemeinschaft \u00fcber den <strong>Grundrechtsschutz durch den Europ\u00e4ischen Gerichtshof f\u00fcr Menschenrechte<\/strong>,&nbsp;das im Wintersemester an der <strong>Deutschen Universit\u00e4t f\u00fcr Verwaltungswissenschaften Speyer<\/strong> angeboten wird. <\/p>\n\n\n\n<p>Der EGMR hat seinen Sitz in Stra\u00dfburg. Seine Aufgabe ist es, die Europ\u00e4ische Menschenrechtskonvention, die in 46 europ\u00e4ischen Staaten gilt, verbindlich auszulegen. In seinen Urteilen werden Mindestschutzstandards festgelegt, die&nbsp;europaweit gelten. Damit stellt die Judikatur des EGMR eine wichtige Richtschnur f\u00fcr das Handeln dieser Staaten und nicht zuletzt auch ihrer Verwaltungen dar. <\/p>\n\n\n\n<p>Die Arbeitsgemeinschaft startet am Donnerstag, dem 6. November 2025, um 18 Uhr, in H\u00f6rsaal 5.<\/p>\n\n\n\n<p>Das Programm der jeweiligen Sitzungen der Arbeitsgemeinschaft und die einschl\u00e4gigen Unterlagen dazu werden Sie <a href=\"https:\/\/johan-callewaert.eu\/category\/universitaet-speyer\/\">hier<\/a> finden.<\/p>\n\n\n\n<figure class=\"wp-block-video\"><video controls src=\"https:\/\/johan-callewaert.eu\/wp-content\/uploads\/2022\/10\/AG-Grundrechtsschutz-EGMR.mov\"><\/video><\/figure>\n","protected":false},"excerpt":{"rendered":"<p>Wer haftet f\u00fcr anonyme Hassreden im Internet? Wie steht es um das Recht auf Vergessenwerden? Wie soll der Staat mit Fake News und versuchter Wahlmanipulation umgehen? Kann Sterbehilfe eingefordert werden? Ist eine Impfpflicht rechtm\u00e4\u00dfig? Welche Schutzpflichten obliegen dem Staat bei h\u00e4uslicher Gewalt? Wann k\u00f6nnen politische Parteien verboten werden? Welche Rechte und welche Pflichten haben Fl\u00fcchtlinge? [&hellip;]<\/p>\n","protected":false},"author":1,"featured_media":0,"parent":0,"menu_order":0,"comment_status":"closed","ping_status":"closed","template":"","meta":{"footnotes":""},"class_list":["post-1071","page","type-page","status-publish","hentry"],"translation":{"provider":"WPGlobus","version":"3.0.2","language":"de","enabled_languages":["en","de","fr"],"languages":{"en":{"title":true,"content":true,"excerpt":false},"de":{"title":true,"content":true,"excerpt":false},"fr":{"title":true,"content":true,"excerpt":false}}},"_links":{"self":[{"href":"https:\/\/johan-callewaert.eu\/de\/wp-json\/wp\/v2\/pages\/1071","targetHints":{"allow":["GET"]}}],"collection":[{"href":"https:\/\/johan-callewaert.eu\/de\/wp-json\/wp\/v2\/pages"}],"about":[{"href":"https:\/\/johan-callewaert.eu\/de\/wp-json\/wp\/v2\/types\/page"}],"author":[{"embeddable":true,"href":"https:\/\/johan-callewaert.eu\/de\/wp-json\/wp\/v2\/users\/1"}],"replies":[{"embeddable":true,"href":"https:\/\/johan-callewaert.eu\/de\/wp-json\/wp\/v2\/comments?post=1071"}],"version-history":[{"count":57,"href":"https:\/\/johan-callewaert.eu\/de\/wp-json\/wp\/v2\/pages\/1071\/revisions"}],"predecessor-version":[{"id":3444,"href":"https:\/\/johan-callewaert.eu\/de\/wp-json\/wp\/v2\/pages\/1071\/revisions\/3444"}],"wp:attachment":[{"href":"https:\/\/johan-callewaert.eu\/de\/wp-json\/wp\/v2\/media?parent=1071"}],"curies":[{"name":"wp","href":"https:\/\/api.w.org\/{rel}","templated":true}]}}