{"id":467,"date":"2016-09-03T21:22:54","date_gmt":"2016-09-03T21:22:54","guid":{"rendered":"https:\/\/jcallewaert.wordpress.com\/?page_id=467"},"modified":"2026-04-02T13:03:52","modified_gmt":"2026-04-02T11:03:52","slug":"biographie","status":"publish","type":"page","link":"https:\/\/johan-callewaert.eu\/de\/biographie\/","title":{"rendered":"Biographie"},"content":{"rendered":"<p><a href=\"https:\/\/johan-callewaert.eu\/wp-content\/uploads\/2016\/09\/callewaert.jpg\"><img loading=\"lazy\" decoding=\"async\" class=\"alignnone size-full wp-image-468\" src=\"https:\/\/johan-callewaert.eu\/wp-content\/uploads\/2016\/09\/callewaert.jpg\" alt=\"callewaert\" width=\"143\" height=\"200\" \/><\/a><\/p>\n<p><strong>Professeur \u00e0 l\u2019Universit\u00e9 de Louvain (Belgique) et \u00e0 l&#8217;Universit\u00e9 allemande des sciences administratives (Spire, Allemagne). Ancien <\/strong><strong>Greffier adjoint de la Grande Chambre de la Cour europ\u00e9enne des droits de l\u2019homme.\u00a0 <\/strong><\/p>\n<p>De nationalit\u00e9 belge, Johan Callewaert a \u00e9tudi\u00e9 le droit et la philosophie \u00e0 Louvain et Wurzbourg (Allemagne). De 1983 \u00e0 1989, il a \u00e9t\u00e9 assistant \u00e0 l\u2019Institut de droit compar\u00e9 de l\u2019Universit\u00e9 de Wurzbourg, o\u00f9 il a obtenu le grade de docteur en droit.<\/p>\n<p>De 1989 \u00e0 2025, il a fait partie du greffe de la Cour europ\u00e9enne des droits de l\u2019homme, o\u00f9 il a exerc\u00e9 successivement les fonctions de Juriste, Chef de division, Chef de cabinet du Pr\u00e9sident de la Cour et, de 2006 \u00e0 2025, de Greffier adjoint de la Grande Chambre. Il a \u00e9galement offici\u00e9 comme Secr\u00e9taire du Comit\u00e9 de la Cour sur le droit de l&#8217;Union europ\u00e9enne.<\/p>\n<p>En cette qualit\u00e9, il a fait partie de la d\u00e9l\u00e9gation des Observateurs du Conseil de l\u2019Europe dans l\u2019enceinte qui a r\u00e9dig\u00e9 la Charte des droits fondamentaux de l\u2019Union europ\u00e9enne et a particip\u00e9 comme Observateur de la Cour aux <a href=\"https:\/\/johan-callewaert.eu\/category\/eu-accession\/\">n\u00e9gociations sur l\u2019adh\u00e9sion de l\u2019Union europ\u00e9enne \u00e0 la Convention europ\u00e9enne des droits de l\u2019homme<\/a>.<\/p>\n\n\n<p>Il a une longue liste de <a href=\"https:\/\/johan-callewaert.eu\/veroffentlichungen\/\">publications<\/a>, portant principalement sur les nombreux aspects de l\u2019interaction entre la Convention europ\u00e9enne des droits de l\u2019homme et le droit de l\u2019Union europ\u00e9enne.<\/p>\n\n\n\n<p><\/p>\n","protected":false},"excerpt":{"rendered":"<p>Professeur \u00e0 l\u2019Universit\u00e9 de Louvain (Belgique) et \u00e0 l&#8217;Universit\u00e9 allemande des sciences administratives (Spire, Allemagne). Ancien Greffier adjoint de la Grande Chambre de la Cour europ\u00e9enne des droits de l\u2019homme.\u00a0 De nationalit\u00e9 belge, Johan Callewaert a \u00e9tudi\u00e9 le droit et la philosophie \u00e0 Louvain et Wurzbourg (Allemagne). De 1983 \u00e0 1989, il a \u00e9t\u00e9 assistant [&hellip;]<\/p>\n","protected":false},"author":1,"featured_media":0,"parent":0,"menu_order":0,"comment_status":"closed","ping_status":"closed","template":"","meta":{"footnotes":""},"class_list":["post-467","page","type-page","status-publish","hentry"],"translation":{"provider":"WPGlobus","version":"3.0.2","language":"de","enabled_languages":["en","de","fr"],"languages":{"en":{"title":true,"content":true,"excerpt":false},"de":{"title":true,"content":true,"excerpt":false},"fr":{"title":true,"content":true,"excerpt":false}}},"_links":{"self":[{"href":"https:\/\/johan-callewaert.eu\/de\/wp-json\/wp\/v2\/pages\/467","targetHints":{"allow":["GET"]}}],"collection":[{"href":"https:\/\/johan-callewaert.eu\/de\/wp-json\/wp\/v2\/pages"}],"about":[{"href":"https:\/\/johan-callewaert.eu\/de\/wp-json\/wp\/v2\/types\/page"}],"author":[{"embeddable":true,"href":"https:\/\/johan-callewaert.eu\/de\/wp-json\/wp\/v2\/users\/1"}],"replies":[{"embeddable":true,"href":"https:\/\/johan-callewaert.eu\/de\/wp-json\/wp\/v2\/comments?post=467"}],"version-history":[{"count":39,"href":"https:\/\/johan-callewaert.eu\/de\/wp-json\/wp\/v2\/pages\/467\/revisions"}],"predecessor-version":[{"id":3593,"href":"https:\/\/johan-callewaert.eu\/de\/wp-json\/wp\/v2\/pages\/467\/revisions\/3593"}],"wp:attachment":[{"href":"https:\/\/johan-callewaert.eu\/de\/wp-json\/wp\/v2\/media?parent=467"}],"curies":[{"name":"wp","href":"https:\/\/api.w.org\/{rel}","templated":true}]}}