{"id":1071,"date":"2019-04-22T13:25:57","date_gmt":"2019-04-22T11:25:57","guid":{"rendered":"https:\/\/johan-callewaert.eu\/?page_id=1071"},"modified":"2025-10-15T17:57:28","modified_gmt":"2025-10-15T15:57:28","slug":"die-europaeische-menschenrechtskonvention","status":"publish","type":"page","link":"https:\/\/johan-callewaert.eu\/fr\/die-europaeische-menschenrechtskonvention\/","title":{"rendered":"La jurisprudence de la Cour europ\u00e9enne des droits de l&#8217;homme: s\u00e9minaire \u00e0 l&#8217;Universit\u00e9 de Spire"},"content":{"rendered":"\n<p>Quelles sont les\u00a0fronti\u00e8res de la libert\u00e9 d\u2019expression\u00a0? Quelle responsabilit\u00e9 l\u00e9gale pour les discours de haine anonymes sur Internet\u00a0? Y a-t-il un droit \u00e0 l&#8217;oubli ? Quelle doit \u00eatre l&#8217;attitude des autorit\u00e9s face \u00e0 la d\u00e9sinformation et les tentatives de manipulation des \u00e9lections ? Existe-t-il un droit \u00e0 l\u2019euthanasie\u00a0?  Une vaccination peut-elle \u00eatre impos\u00e9e? Quelles exigences la Convention formule-t-elle s&#8217;agissant de l&#8217;ind\u00e9pendance de la justice ? Y a-t-il une responsabilit\u00e9 de l&#8217;Etat en cas de violence domestique ? Quels sont les droits et les devoirs des r\u00e9fugi\u00e9s ? Quand la police peut-elle recourir \u00e0 la force ? Les op\u00e9rations\u00a0militaires dans des pays tiers sont-elles soumises \u00e0 la CEDH\u00a0? Les peines de prison \u00e0 vie incompressibles sont-elles l\u00e9gales\u00a0? Quelles exigences la Convention formule-t-elle en mati\u00e8re de protection de l&#8217;environnement et du climat ?<\/p>\n\n\n\n<p>Voil\u00e0 quelques-unes des questions de port\u00e9e g\u00e9n\u00e9rale abord\u00e9es dans le s\u00e9minaire consacr\u00e9 aux \u00e0 la <strong>Jurisprudence de la Cour europ\u00e9enne des droits de l&#8217;homme<\/strong>, propos\u00e9 tous les semestres d\u2019hiver \u00e0 <strong>l\u2019Universit\u00e9 allemande des sciences administratives de Spire<\/strong>.  <\/p>\n\n\n\n<p>La Cour europ\u00e9enne des droits de l\u2019homme a son si\u00e8ge \u00e0 Strasbourg. Elle a notamment pour mission de donner l\u2019interpr\u00e9tation qui fait foi de la Convention europ\u00e9enne des droits de l\u2019homme, laquelle lie 46 Etats europ\u00e9ens. Ses arr\u00eats d\u00e9finissent des standards de protection minimums applicables dans toute l\u2019Europe. A ce titre, la jurisprudence de la Cour fournit aux Etats des orientations importantes destin\u00e9es \u00e0 guider leur action, notamment en mati\u00e8re administrative. <\/p>\n\n\n\n<p>Le s\u00e9minaire d\u00e9marrera le jeudi 6 novembre 2025 \u00e0 18 h. en salle 5.<\/p>\n\n\n\n<p>Vous trouverez <a href=\"https:\/\/johan-callewaert.eu\/category\/universitaet-speyer\/\">ici <\/a>le programme des sessions successives du s\u00e9minaire ainsi que la documentation qui s&#8217;y rapporte.<\/p>\n\n\n\n<p><\/p>\n","protected":false},"excerpt":{"rendered":"<p>Quelles sont les\u00a0fronti\u00e8res de la libert\u00e9 d\u2019expression\u00a0? Quelle responsabilit\u00e9 l\u00e9gale pour les discours de haine anonymes sur Internet\u00a0? Y a-t-il un droit \u00e0 l&#8217;oubli ? Quelle doit \u00eatre l&#8217;attitude des autorit\u00e9s face \u00e0 la d\u00e9sinformation et les tentatives de manipulation des \u00e9lections ? Existe-t-il un droit \u00e0 l\u2019euthanasie\u00a0? Une vaccination peut-elle \u00eatre impos\u00e9e? Quelles exigences [&hellip;]<\/p>\n","protected":false},"author":1,"featured_media":0,"parent":0,"menu_order":0,"comment_status":"closed","ping_status":"closed","template":"","meta":{"footnotes":""},"class_list":["post-1071","page","type-page","status-publish","hentry"],"translation":{"provider":"WPGlobus","version":"3.0.2","language":"fr","enabled_languages":["en","de","fr"],"languages":{"en":{"title":true,"content":true,"excerpt":false},"de":{"title":true,"content":true,"excerpt":false},"fr":{"title":true,"content":true,"excerpt":false}}},"_links":{"self":[{"href":"https:\/\/johan-callewaert.eu\/fr\/wp-json\/wp\/v2\/pages\/1071","targetHints":{"allow":["GET"]}}],"collection":[{"href":"https:\/\/johan-callewaert.eu\/fr\/wp-json\/wp\/v2\/pages"}],"about":[{"href":"https:\/\/johan-callewaert.eu\/fr\/wp-json\/wp\/v2\/types\/page"}],"author":[{"embeddable":true,"href":"https:\/\/johan-callewaert.eu\/fr\/wp-json\/wp\/v2\/users\/1"}],"replies":[{"embeddable":true,"href":"https:\/\/johan-callewaert.eu\/fr\/wp-json\/wp\/v2\/comments?post=1071"}],"version-history":[{"count":57,"href":"https:\/\/johan-callewaert.eu\/fr\/wp-json\/wp\/v2\/pages\/1071\/revisions"}],"predecessor-version":[{"id":3444,"href":"https:\/\/johan-callewaert.eu\/fr\/wp-json\/wp\/v2\/pages\/1071\/revisions\/3444"}],"wp:attachment":[{"href":"https:\/\/johan-callewaert.eu\/fr\/wp-json\/wp\/v2\/media?parent=1071"}],"curies":[{"name":"wp","href":"https:\/\/api.w.org\/{rel}","templated":true}]}}