{"id":467,"date":"2016-09-03T21:22:54","date_gmt":"2016-09-03T21:22:54","guid":{"rendered":"https:\/\/jcallewaert.wordpress.com\/?page_id=467"},"modified":"2026-04-02T13:03:52","modified_gmt":"2026-04-02T11:03:52","slug":"biographie","status":"publish","type":"page","link":"https:\/\/johan-callewaert.eu\/fr\/biographie\/","title":{"rendered":"Biographie"},"content":{"rendered":"<p class=\"bodytext\"><a href=\"https:\/\/johan-callewaert.eu\/wp-content\/uploads\/2016\/09\/callewaert.jpg\"><img loading=\"lazy\" decoding=\"async\" class=\"alignnone size-full wp-image-468\" src=\"https:\/\/johan-callewaert.eu\/wp-content\/uploads\/2016\/09\/callewaert.jpg\" alt=\"callewaert\" width=\"143\" height=\"200\" \/><\/a><\/p>\n<p class=\"bodytext\"><strong>Honorarprofessor an der Deutschen Universit\u00e4t f\u00fcr Verwaltungswissenschaften Speyer sowie Professor an der Universit\u00e4t Louvain (Belgien). Ehemaliger <\/strong><strong>Vizekanzler der Gro\u00dfen Kammer am Europ\u00e4ischen Gerichtshof f\u00fcr Menschenrechte (EGMR).<\/strong><\/p>\n<p>Prof. Dr. Johan Callewaert ist belgischer Staatsb\u00fcrger und studierte Rechtswissenschaften und Philosophie in Louvain und W\u00fcrzburg. Von 1983 bis 1989 war er wissenschaftlicher Assistent am Institut f\u00fcr Rechtsvergleichung der Universit\u00e4t W\u00fcrzburg, wo er zum Dr. iur. utr. promovierte.<\/p>\n<p>Von 1989 bis 2025 war er Mitglied in der Kanzlei des EGMR, wo er nacheinander als Jurist, Abteilungsleiter, Kabinettchef des Pr\u00e4sidenten des EGMR und, von 2006 bis 2025, als Vizekanzler der Gro\u00dfen Kammer t\u00e4tig war. Er war dort ebenfalls Sekret\u00e4r des EU-Recht Komitees des EGMR.<\/p>\n<p>In dieser Eigenschaft war er Mitglied der Delegation der Europarat-Beobachter im Konvent, der die EU-Grundrechtecharta ausgearbeitet hat, sowie Beobachter f\u00fcr den EGMR bei den <a href=\"https:\/\/johan-callewaert.eu\/category\/eu-accession\/\">Verhandlungen \u00fcber den Beitritt der EU zur Europ\u00e4ischen Menschenrechtskonvention<\/a>.<\/p>\n\n\n<p>Er hat eine lange Liste von <a href=\"https:\/\/johan-callewaert.eu\/veroffentlichungen\/\">Ver\u00f6ffentlichungen<\/a>, die sich \u00fcberwiegend mit den zahlreichen Aspekten des Zusammenspiels zwischen der Europ\u00e4ischen Menschenrechtskonvention und dem EU-Recht befassen.<\/p>\n\n\n\n<p><\/p>\n","protected":false},"excerpt":{"rendered":"<p>Honorarprofessor an der Deutschen Universit\u00e4t f\u00fcr Verwaltungswissenschaften Speyer sowie Professor an der Universit\u00e4t Louvain (Belgien). Ehemaliger Vizekanzler der Gro\u00dfen Kammer am Europ\u00e4ischen Gerichtshof f\u00fcr Menschenrechte (EGMR). Prof. Dr. Johan Callewaert ist belgischer Staatsb\u00fcrger und studierte Rechtswissenschaften und Philosophie in Louvain und W\u00fcrzburg. Von 1983 bis 1989 war er wissenschaftlicher Assistent am Institut f\u00fcr Rechtsvergleichung der [&hellip;]<\/p>\n","protected":false},"author":1,"featured_media":0,"parent":0,"menu_order":0,"comment_status":"closed","ping_status":"closed","template":"","meta":{"footnotes":""},"class_list":["post-467","page","type-page","status-publish","hentry"],"translation":{"provider":"WPGlobus","version":"3.0.2","language":"fr","enabled_languages":["en","de","fr"],"languages":{"en":{"title":true,"content":true,"excerpt":false},"de":{"title":true,"content":true,"excerpt":false},"fr":{"title":true,"content":true,"excerpt":false}}},"_links":{"self":[{"href":"https:\/\/johan-callewaert.eu\/fr\/wp-json\/wp\/v2\/pages\/467","targetHints":{"allow":["GET"]}}],"collection":[{"href":"https:\/\/johan-callewaert.eu\/fr\/wp-json\/wp\/v2\/pages"}],"about":[{"href":"https:\/\/johan-callewaert.eu\/fr\/wp-json\/wp\/v2\/types\/page"}],"author":[{"embeddable":true,"href":"https:\/\/johan-callewaert.eu\/fr\/wp-json\/wp\/v2\/users\/1"}],"replies":[{"embeddable":true,"href":"https:\/\/johan-callewaert.eu\/fr\/wp-json\/wp\/v2\/comments?post=467"}],"version-history":[{"count":39,"href":"https:\/\/johan-callewaert.eu\/fr\/wp-json\/wp\/v2\/pages\/467\/revisions"}],"predecessor-version":[{"id":3593,"href":"https:\/\/johan-callewaert.eu\/fr\/wp-json\/wp\/v2\/pages\/467\/revisions\/3593"}],"wp:attachment":[{"href":"https:\/\/johan-callewaert.eu\/fr\/wp-json\/wp\/v2\/media?parent=467"}],"curies":[{"name":"wp","href":"https:\/\/api.w.org\/{rel}","templated":true}]}}