{"id":776,"date":"2018-07-01T14:54:01","date_gmt":"2018-07-01T12:54:01","guid":{"rendered":"http:\/\/johan-callewaert.eu\/?page_id=776"},"modified":"2019-04-22T22:39:38","modified_gmt":"2019-04-22T20:39:38","slug":"datenschutzerklaerung","status":"publish","type":"page","link":"https:\/\/johan-callewaert.eu\/fr\/datenschutzerklaerung\/","title":{"rendered":"D\u00e9claration de protection des donn\u00e9es"},"content":{"rendered":"<h2>Betreiber der Webseite<\/h2>\n<p>Die Adresse der Website ist: https:\/\/johan-callewaert.eu.<\/p>\n<p>Verantwortlich f\u00fcr die Inhalte ist:<\/p>\n<p>Prof. Dr. Johan Callewaert<\/p>\n<p>Anschrift:<br \/>\nEurop\u00e4ischer Gerichtshof f\u00fcr Menschenrechte<br \/>\nF-67075 Strasbourg Cedex<\/p>\n<p>Email:<br \/>\njohan.callewaert[at]echr.coe.int<\/p>\n<h2>Welche personenbezogenen Daten wir sammeln und warum wir sie sammeln<\/h2>\n<h3>Kommentare<\/h3>\n<p>Wenn Besucher Kommentare auf der Website schreiben, sammeln wir die Daten, die im Kommentar-Formular angezeigt werden, au\u00dferdem die IP-Adresse des Besuchers und den User-Agent-String (damit wird der Browser identifiziert), um die Erkennung von Spam zu unterst\u00fctzen.<\/p>\n<p>Aus Ihrer E-Mail-Adresse kann eine anonymisierte Zeichenfolge erstellt (auch Hash genannt) und dem Gravatar-Dienst \u00fcbergeben werden, um zu pr\u00fcfen, ob Sie diesen benutzen. Die Datenschutzerkl\u00e4rung des Gravatar-Dienstes finden Sie hier: https:\/\/automattic.com\/privacy\/. Nachdem Ihr&nbsp;Kommentar freigegeben wurde, ist Ihr Profilbild \u00f6ffentlich im Kontext Ihres Kommentars sichtbar.<\/p>\n<h3>Medien<\/h3>\n<p>Wenn Sie ein registrierter Benutzer sind und Fotos auf diese Website laden, sollten Sie vermeiden, Fotos mit einem EXIF-GPS-Standort hochzuladen. Besucher dieser Website k\u00f6nnten Fotos, die auf dieser Website gespeichert sind, herunterladen und deren Standort-Informationen extrahieren.<\/p>\n<h3>Cookies<\/h3>\n<p>Wenn Sie einen Kommentar auf unserer Website schreiben, kann das eine Einwilligung sein, Ihren Namen, E-Mail-Adresse und Website in Cookies zu speichern. Dies ist eine Komfortfunktion, damit Sie nicht, wenn Sie einen weiteren Kommentar schreiben, all diese Daten erneut eingeben m\u00fcssen. Diese Cookies werden ein Jahr lang gespeichert.<\/p>\n<p>Falls Sie ein Konto haben und sich auf dieser Website anmelden, werden wir ein tempor\u00e4res Cookie setzen, um festzustellen, ob Ihr Browser Cookies akzeptiert. Dieser Cookie enth\u00e4lt keine personenbezogenen Daten und wird verworfen, wenn Sie ihren Browser schlie\u00dfen.<\/p>\n<p>Wenn Sie sich anmelden, werden wir einige Cookies einrichten, um Ihre Anmeldeinformationen und Anzeigeoptionen zu speichern. Anmelde-Cookies verfallen nach zwei Tagen und Cookies f\u00fcr die Anzeigeoptionen nach einem Jahr. Falls Sie bei der Anmeldung \u201eAngemeldet bleiben\u201c ausw\u00e4hlen, wird Ihre Anmeldung zwei Wochen lang aufrechterhalten. Mit der Abmeldung aus Ihrem Konto werden die Anmelde-Cookies gel\u00f6scht.<\/p>\n<p>Wenn Sie einen Artikel bearbeiten oder ver\u00f6ffentlichen, wird ein zus\u00e4tzlicher Cookie in Ihrem Browser gespeichert. Dieser Cookie enth\u00e4lt keine personenbezogenen Daten und verweist nur auf die Beitrags-ID des Artikels, den Sie gerade bearbeitet haben. Der Cookie verf\u00e4llt nach einem Tag.<\/p>\n<p><strong><em>Bitte beachten Sie: Jegliche M\u00f6glichkeiten der Kommentierung, Anmeldung oder der Bearbeitung oder Ver\u00f6ffentlichung von Beitr\u00e4gen oder Seiten wurden <span style=\"text-decoration: underline;\">deaktiviert<\/span>, sodass keine Cookies gesetzt und gespeichert werden.<\/em><\/strong><\/p>\n<h3>Eingebettete Inhalte von anderen Websites<\/h3>\n<p>Beitr\u00e4ge auf dieser Website k\u00f6nnen eingebettete Inhalte beinhalten (z.&nbsp;B. Videos, Bilder, Beitr\u00e4ge etc.). Eingebettete Inhalte von anderen Websites verhalten sich exakt so, als ob der Besucher die andere Website besucht h\u00e4tte.<\/p>\n<p>Diese Websites k\u00f6nnen Daten \u00fcber Sie sammeln, Cookies benutzen, zus\u00e4tzliche Tracking-Dienste von Dritten einbetten und Ihre Interaktion mit diesem eingebetteten Inhalt aufzeichnen, inklusive Ihrer Interaktion mit dem eingebetteten Inhalt, falls Sie ein Konto haben und auf dieser Website angemeldet sind.<\/p>\n<h3>Analysedienste<\/h3>\n<p>Zur \u00dcbersicht \u00fcber die auf dieser Website aufgerufenen Seiten und Artikel sowie die Anzahl der Nutzer wird der Analysedienst &#8220;Silmstat&#8221; eingesetzt. Slimstat wurde so eingestellt, dass Ihre IP-Adresse und damit jegliche Datenerhebung automatisch anonymisiert wird. Des weiteren wurde die Funktion Cookies zu setzen und zu tracken, um Nutzer einzelnen Sitzungen zuordnen zu k\u00f6nnen, deaktiviert. Eine &#8220;Opt-out&#8221;-M\u00f6glichkeit zur Deaktivierung der Setzung von Cookies durch Slimstat er\u00fcbrigt sich daher. Cookies k\u00f6nnen lediglich in den o. g. F\u00e4llen (&#8220;Cookies&#8221;) erhoben werden. Jegliche M\u00f6glichkeiten der Kommentierung, Anmeldung oder der Bearbeitung und Ver\u00f6ffentlichung von Beitr\u00e4gen oder Seiten wurden jedoch deaktiviert, sodass keine Cookies gesetzt und gespeichert werden.<\/p>\n<p>Diese Daten werden durch Slimstat erhoben und ausgewertet:<\/p>\n<ul>\n<li>Domain-Name des Servers<\/li>\n<li>Seiten-Adresse (URL)<\/li>\n<li>Browsers und Version, Bildschirmaufl\u00f6sung, Sprache<\/li>\n<li>Betriebssystem Ihres Computers, Smartphones oder Tablets<\/li>\n<li>IP-Adresse (anonymisiert)<\/li>\n<li>Geo-Location (Land)<\/li>\n<li>Datum und Uhrzeit des Besuchs<\/li>\n<li>Name der Website, die auf diese Seite verlinkt und \u00fcber die Sie diese Seite gefunden haben<\/li>\n<li>Suchbegriffe<\/li>\n<li>angeklickte Links auf dieser Webseite<\/li>\n<li>Dauer des Besuchs dieser Webseite<\/li>\n<\/ul>\n<p>Diese Daten sind grunds\u00e4tzlich nicht bestimmten Personen zuordenbar. Das Tracking und Setzen von Cookies wurde wie bereits beschrieben deaktiviert, die Option \u201eDNT-Header (Do Not Track)\u201c ist aktiviert. Eine Zusammenfu\u0308hrung dieser Daten mit anderen Datenquellen wird nicht vorgenommen. Diese Statistikdaten werden in der Datenbank beim Provider dieser Website gespeichert.<\/p>\n<h2>Wie lange wir Ihre Daten speichern<\/h2>\n<p>Wenn Sie einen Kommentar schreiben, wird dieser inklusive Metadaten zeitlich unbegrenzt gespeichert. Auf diese Art k\u00f6nnen wir Folgekommentare automatisch erkennen und freigeben, anstelle sie in einer Moderations-Warteschlange festzuhalten.<\/p>\n<p>F\u00fcr Benutzer, die sich auf unserer Website registrieren, speichern wir zus\u00e4tzlich die pers\u00f6nlichen Informationen, die sie in ihren Benutzerprofilen angeben. Alle Benutzer k\u00f6nnen jederzeit ihre pers\u00f6nlichen Informationen einsehen, ver\u00e4ndern oder l\u00f6schen (der Benutzername kann nicht ver\u00e4ndert werden). Administratoren der Website k\u00f6nnen diese Informationen ebenfalls einsehen und ver\u00e4ndern.<\/p>\n<h2>Welche Rechte Sie an Ihren Daten haben<\/h2>\n<p>Wenn Sie ein Konto auf dieser Website besitzen oder Kommentare geschrieben haben, k\u00f6nnen Sie einen Export Ihrer personenbezogenen Daten bei uns anfordern, inklusive aller Daten, die Sie uns mitgeteilt haben. Dar\u00fcber hinaus k\u00f6nnen Sie die L\u00f6schung aller personenbezogenen Daten, die wir von Ihnen gespeichert haben, anfordern. Dies umfasst nicht die Daten, die wir aufgrund administrativer, rechtlicher oder sicherheitsrelevanter Notwendigkeiten aufbewahren m\u00fcssen.<\/p>\n<h2>Wohin wir Ihre Daten senden<\/h2>\n<p>Besucher-Kommentare k\u00f6nnten von einem automatisierten Dienst zur Spam-Erkennung untersucht werden.<\/p>\n<h2>Kontakt-Informationen<\/h2>\n<p>Prof. Dr. Johan Callewaert<\/p>\n<p>Anschrift:<br \/>\nEurop\u00e4ischer Gerichtshof f\u00fcr Menschenrechte<br \/>\nF-67075 Strasbourg Cedex<\/p>\n<p>Email:<br \/>\njohan.callewaert[at]echr.coe.int<\/p>\n","protected":false},"excerpt":{"rendered":"<p>Betreiber der Webseite Die Adresse der Website ist: https:\/\/johan-callewaert.eu. Verantwortlich f\u00fcr die Inhalte ist: Prof. Dr. Johan Callewaert Anschrift: Europ\u00e4ischer Gerichtshof f\u00fcr Menschenrechte F-67075 Strasbourg Cedex Email: johan.callewaert[at]echr.coe.int Welche personenbezogenen Daten wir sammeln und warum wir sie sammeln Kommentare Wenn Besucher Kommentare auf der Website schreiben, sammeln wir die Daten, die im Kommentar-Formular angezeigt werden, [&hellip;]<\/p>\n","protected":false},"author":1,"featured_media":0,"parent":0,"menu_order":0,"comment_status":"closed","ping_status":"closed","template":"","meta":{"footnotes":""},"class_list":["post-776","page","type-page","status-publish","hentry"],"translation":{"provider":"WPGlobus","version":"3.0.2","language":"fr","enabled_languages":["en","de","fr"],"languages":{"en":{"title":true,"content":true,"excerpt":false},"de":{"title":true,"content":true,"excerpt":false},"fr":{"title":true,"content":true,"excerpt":false}}},"_links":{"self":[{"href":"https:\/\/johan-callewaert.eu\/fr\/wp-json\/wp\/v2\/pages\/776","targetHints":{"allow":["GET"]}}],"collection":[{"href":"https:\/\/johan-callewaert.eu\/fr\/wp-json\/wp\/v2\/pages"}],"about":[{"href":"https:\/\/johan-callewaert.eu\/fr\/wp-json\/wp\/v2\/types\/page"}],"author":[{"embeddable":true,"href":"https:\/\/johan-callewaert.eu\/fr\/wp-json\/wp\/v2\/users\/1"}],"replies":[{"embeddable":true,"href":"https:\/\/johan-callewaert.eu\/fr\/wp-json\/wp\/v2\/comments?post=776"}],"version-history":[{"count":13,"href":"https:\/\/johan-callewaert.eu\/fr\/wp-json\/wp\/v2\/pages\/776\/revisions"}],"predecessor-version":[{"id":1147,"href":"https:\/\/johan-callewaert.eu\/fr\/wp-json\/wp\/v2\/pages\/776\/revisions\/1147"}],"wp:attachment":[{"href":"https:\/\/johan-callewaert.eu\/fr\/wp-json\/wp\/v2\/media?parent=776"}],"curies":[{"name":"wp","href":"https:\/\/api.w.org\/{rel}","templated":true}]}}